{"id":7,"date":"2025-01-28T15:03:41","date_gmt":"2025-01-28T15:03:41","guid":{"rendered":"https:\/\/dpimina.hr\/?page_id=7"},"modified":"2025-01-28T15:13:05","modified_gmt":"2025-01-28T15:13:05","slug":"maintenance-page","status":"publish","type":"page","link":"https:\/\/dpimina.hr\/","title":{"rendered":"Dru\u0161tvo za podvodna istra\u017eivanja MINA"},"content":{"rendered":"\n<div id=\"wp-block-themeisle-blocks-advanced-columns-0d617423\" class=\"wp-block-themeisle-blocks-advanced-columns alignfull has-1-columns has-desktop-equal-layout has-tablet-equal-layout has-mobile-equal-layout has-vertical-center\"><div class=\"wp-block-themeisle-blocks-advanced-columns-overlay\"><\/div><div class=\"innerblocks-wrap\">\n<div id=\"wp-block-themeisle-blocks-advanced-column-09847c7b\" class=\"wp-block-themeisle-blocks-advanced-column\">\n<figure class=\"wp-block-image aligncenter size-large ticss-3f08ab9a\"><img decoding=\"async\" src=\"https:\/\/demosites.io\/otter\/wp-content\/uploads\/sites\/664\/2022\/08\/coming_soon_img.svg\" alt=\"\" class=\"wp-image-135\"\/><\/figure>\n\n\n\n<h1 id=\"wp-block-themeisle-blocks-advanced-heading-84bfa495\" class=\"wp-block-themeisle-blocks-advanced-heading wp-block-themeisle-blocks-advanced-heading-84bfa495\">Malo se presvla\u010dimo&#8230; <\/h1>\n\n\n\n<div style=\"height:40px\" aria-hidden=\"true\" class=\"wp-block-spacer\"><\/div>\n\n\n\n<div style=\"height:40px\" aria-hidden=\"true\" class=\"wp-block-spacer\"><\/div>\n\n\n\n<p id=\"wp-block-themeisle-blocks-advanced-heading-4956a7c6\" class=\"wp-block-themeisle-blocks-advanced-heading wp-block-themeisle-blocks-advanced-heading-4956a7c6\">Ali smo uskoro ponovno s Vama! a do tada potra\u017eite nas na dru\u0161tvenim mre\u017eama :<\/p>\n\n\n\n<ul class=\"wp-block-social-links has-large-icon-size has-icon-color has-icon-background-color is-style-default is-content-justification-center is-layout-flex wp-container-core-social-links-is-layout-a89b3969 wp-block-social-links-is-layout-flex\"><li style=\"color:#ffffff;background-color:#63a18f;\" class=\"wp-social-link wp-social-link-instagram has-white-color wp-block-social-link\"><a href=\"\" class=\"wp-block-social-link-anchor\"><svg width=\"24\" height=\"24\" viewBox=\"0 0 24 24\" version=\"1.1\" xmlns=\"http:\/\/www.w3.org\/2000\/svg\" aria-hidden=\"true\" focusable=\"false\"><path d=\"M12,4.622c2.403,0,2.688,0.009,3.637,0.052c0.877,0.04,1.354,0.187,1.671,0.31c0.42,0.163,0.72,0.358,1.035,0.673 c0.315,0.315,0.51,0.615,0.673,1.035c0.123,0.317,0.27,0.794,0.31,1.671c0.043,0.949,0.052,1.234,0.052,3.637 s-0.009,2.688-0.052,3.637c-0.04,0.877-0.187,1.354-0.31,1.671c-0.163,0.42-0.358,0.72-0.673,1.035 c-0.315,0.315-0.615,0.51-1.035,0.673c-0.317,0.123-0.794,0.27-1.671,0.31c-0.949,0.043-1.233,0.052-3.637,0.052 s-2.688-0.009-3.637-0.052c-0.877-0.04-1.354-0.187-1.671-0.31c-0.42-0.163-0.72-0.358-1.035-0.673 c-0.315-0.315-0.51-0.615-0.673-1.035c-0.123-0.317-0.27-0.794-0.31-1.671C4.631,14.688,4.622,14.403,4.622,12 s0.009-2.688,0.052-3.637c0.04-0.877,0.187-1.354,0.31-1.671c0.163-0.42,0.358-0.72,0.673-1.035 c0.315-0.315,0.615-0.51,1.035-0.673c0.317-0.123,0.794-0.27,1.671-0.31C9.312,4.631,9.597,4.622,12,4.622 M12,3 C9.556,3,9.249,3.01,8.289,3.054C7.331,3.098,6.677,3.25,6.105,3.472C5.513,3.702,5.011,4.01,4.511,4.511 c-0.5,0.5-0.808,1.002-1.038,1.594C3.25,6.677,3.098,7.331,3.054,8.289C3.01,9.249,3,9.556,3,12c0,2.444,0.01,2.751,0.054,3.711 c0.044,0.958,0.196,1.612,0.418,2.185c0.23,0.592,0.538,1.094,1.038,1.594c0.5,0.5,1.002,0.808,1.594,1.038 c0.572,0.222,1.227,0.375,2.185,0.418C9.249,20.99,9.556,21,12,21s2.751-0.01,3.711-0.054c0.958-0.044,1.612-0.196,2.185-0.418 c0.592-0.23,1.094-0.538,1.594-1.038c0.5-0.5,0.808-1.002,1.038-1.594c0.222-0.572,0.375-1.227,0.418-2.185 C20.99,14.751,21,14.444,21,12s-0.01-2.751-0.054-3.711c-0.044-0.958-0.196-1.612-0.418-2.185c-0.23-0.592-0.538-1.094-1.038-1.594 c-0.5-0.5-1.002-0.808-1.594-1.038c-0.572-0.222-1.227-0.375-2.185-0.418C14.751,3.01,14.444,3,12,3L12,3z M12,7.378 c-2.552,0-4.622,2.069-4.622,4.622S9.448,16.622,12,16.622s4.622-2.069,4.622-4.622S14.552,7.378,12,7.378z M12,15 c-1.657,0-3-1.343-3-3s1.343-3,3-3s3,1.343,3,3S13.657,15,12,15z M16.804,6.116c-0.596,0-1.08,0.484-1.08,1.08 s0.484,1.08,1.08,1.08c0.596,0,1.08-0.484,1.08-1.08S17.401,6.116,16.804,6.116z\"><\/path><\/svg><span class=\"wp-block-social-link-label screen-reader-text\">Instagram<\/span><\/a><\/li>\n\n<li style=\"color:#ffffff;background-color:#63a18f;\" class=\"wp-social-link wp-social-link-facebook has-white-color wp-block-social-link\"><a href=\"https:\/\/www.facebook.com\/dpimina\/\" class=\"wp-block-social-link-anchor\"><svg width=\"24\" height=\"24\" viewBox=\"0 0 24 24\" version=\"1.1\" xmlns=\"http:\/\/www.w3.org\/2000\/svg\" aria-hidden=\"true\" focusable=\"false\"><path d=\"M12 2C6.5 2 2 6.5 2 12c0 5 3.7 9.1 8.4 9.9v-7H7.9V12h2.5V9.8c0-2.5 1.5-3.9 3.8-3.9 1.1 0 2.2.2 2.2.2v2.5h-1.3c-1.2 0-1.6.8-1.6 1.6V12h2.8l-.4 2.9h-2.3v7C18.3 21.1 22 17 22 12c0-5.5-4.5-10-10-10z\"><\/path><\/svg><span class=\"wp-block-social-link-label screen-reader-text\">Facebook<\/span><\/a><\/li>\n\n<li style=\"color:#ffffff;background-color:#63a18f;\" class=\"wp-social-link wp-social-link-youtube has-white-color wp-block-social-link\"><a href=\"https:\/\/www.youtube.com\/@dpimina3642\" class=\"wp-block-social-link-anchor\"><svg width=\"24\" height=\"24\" viewBox=\"0 0 24 24\" version=\"1.1\" xmlns=\"http:\/\/www.w3.org\/2000\/svg\" aria-hidden=\"true\" focusable=\"false\"><path d=\"M21.8,8.001c0,0-0.195-1.378-0.795-1.985c-0.76-0.797-1.613-0.801-2.004-0.847c-2.799-0.202-6.997-0.202-6.997-0.202 h-0.009c0,0-4.198,0-6.997,0.202C4.608,5.216,3.756,5.22,2.995,6.016C2.395,6.623,2.2,8.001,2.2,8.001S2,9.62,2,11.238v1.517 c0,1.618,0.2,3.237,0.2,3.237s0.195,1.378,0.795,1.985c0.761,0.797,1.76,0.771,2.205,0.855c1.6,0.153,6.8,0.201,6.8,0.201 s4.203-0.006,7.001-0.209c0.391-0.047,1.243-0.051,2.004-0.847c0.6-0.607,0.795-1.985,0.795-1.985s0.2-1.618,0.2-3.237v-1.517 C22,9.62,21.8,8.001,21.8,8.001z M9.935,14.594l-0.001-5.62l5.404,2.82L9.935,14.594z\"><\/path><\/svg><span class=\"wp-block-social-link-label screen-reader-text\">YouTube<\/span><\/a><\/li><\/ul>\n<\/div>\n<\/div><\/div>\n\n\n\n<p><\/p>\n","protected":false},"excerpt":{"rendered":"","protected":false},"author":1,"featured_media":0,"parent":0,"menu_order":0,"comment_status":"closed","ping_status":"closed","template":"templates\/wpmm-page-template.php","meta":{"_themeisle_gutenberg_block_has_review":false,"footnotes":""},"class_list":["post-7","page","type-page","status-publish","hentry"],"yoast_head":"<!-- This site is optimized with the Yoast SEO plugin v25.3 - https:\/\/yoast.com\/wordpress\/plugins\/seo\/ -->\n<title>Dru\u0161tvo za podvodna istra\u017eivanja MINA - Dru&scaron;tvo za podvodna iszra\u017eivanja MINA<\/title>\n<meta name=\"robots\" content=\"index, follow, max-snippet:-1, max-image-preview:large, max-video-preview:-1\" \/>\n<link rel=\"canonical\" href=\"https:\/\/dpimina.hr\/?page_id=7\" \/>\n<meta property=\"og:locale\" content=\"hr_HR\" \/>\n<meta property=\"og:type\" content=\"article\" \/>\n<meta property=\"og:title\" content=\"Dru\u0161tvo za podvodna istra\u017eivanja MINA - Dru&scaron;tvo za podvodna iszra\u017eivanja MINA\" \/>\n<meta property=\"og:url\" content=\"https:\/\/dpimina.hr\/?page_id=7\" \/>\n<meta property=\"og:site_name\" content=\"Dru&scaron;tvo za podvodna iszra\u017eivanja MINA\" \/>\n<meta property=\"article:modified_time\" content=\"2025-01-28T15:13:05+00:00\" \/>\n<meta name=\"twitter:card\" content=\"summary_large_image\" \/>\n<meta name=\"twitter:label1\" content=\"Procijenjeno vrijeme \u010ditanja\" \/>\n\t<meta name=\"twitter:data1\" content=\"1 minuta\" \/>\n<script type=\"application\/ld+json\" class=\"yoast-schema-graph\">{\"@context\":\"https:\/\/schema.org\",\"@graph\":[{\"@type\":\"WebPage\",\"@id\":\"https:\/\/dpimina.hr\/?page_id=7\",\"url\":\"https:\/\/dpimina.hr\/?page_id=7\",\"name\":\"Dru\u0161tvo za podvodna istra\u017eivanja MINA - Dru&scaron;tvo za podvodna iszra\u017eivanja MINA\",\"isPartOf\":{\"@id\":\"https:\/\/dpimina.hr\/#website\"},\"primaryImageOfPage\":{\"@id\":\"https:\/\/dpimina.hr\/?page_id=7#primaryimage\"},\"image\":{\"@id\":\"https:\/\/dpimina.hr\/?page_id=7#primaryimage\"},\"thumbnailUrl\":\"https:\/\/demosites.io\/otter\/wp-content\/uploads\/sites\/664\/2022\/08\/coming_soon_img.svg\",\"datePublished\":\"2025-01-28T15:03:41+00:00\",\"dateModified\":\"2025-01-28T15:13:05+00:00\",\"breadcrumb\":{\"@id\":\"https:\/\/dpimina.hr\/?page_id=7#breadcrumb\"},\"inLanguage\":\"hr\",\"potentialAction\":[{\"@type\":\"ReadAction\",\"target\":[\"https:\/\/dpimina.hr\/?page_id=7\"]}]},{\"@type\":\"ImageObject\",\"inLanguage\":\"hr\",\"@id\":\"https:\/\/dpimina.hr\/?page_id=7#primaryimage\",\"url\":\"https:\/\/demosites.io\/otter\/wp-content\/uploads\/sites\/664\/2022\/08\/coming_soon_img.svg\",\"contentUrl\":\"https:\/\/demosites.io\/otter\/wp-content\/uploads\/sites\/664\/2022\/08\/coming_soon_img.svg\"},{\"@type\":\"BreadcrumbList\",\"@id\":\"https:\/\/dpimina.hr\/?page_id=7#breadcrumb\",\"itemListElement\":[{\"@type\":\"ListItem\",\"position\":1,\"name\":\"Po\u010detna stranica\",\"item\":\"https:\/\/dpimina.hr\/?page_id=7\"},{\"@type\":\"ListItem\",\"position\":2,\"name\":\"Dru\u0161tvo za podvodna istra\u017eivanja MINA\"}]},{\"@type\":\"WebSite\",\"@id\":\"https:\/\/dpimina.hr\/#website\",\"url\":\"https:\/\/dpimina.hr\/\",\"name\":\"Dru&scaron;tvo za podvodna iszra\u017eivanja MINA\",\"description\":\"\",\"potentialAction\":[{\"@type\":\"SearchAction\",\"target\":{\"@type\":\"EntryPoint\",\"urlTemplate\":\"https:\/\/dpimina.hr\/?s={search_term_string}\"},\"query-input\":{\"@type\":\"PropertyValueSpecification\",\"valueRequired\":true,\"valueName\":\"search_term_string\"}}],\"inLanguage\":\"hr\"}]}<\/script>\n<!-- \/ Yoast SEO plugin. -->","yoast_head_json":{"title":"Dru\u0161tvo za podvodna istra\u017eivanja MINA - Dru&scaron;tvo za podvodna iszra\u017eivanja MINA","robots":{"index":"index","follow":"follow","max-snippet":"max-snippet:-1","max-image-preview":"max-image-preview:large","max-video-preview":"max-video-preview:-1"},"canonical":"https:\/\/dpimina.hr\/?page_id=7","og_locale":"hr_HR","og_type":"article","og_title":"Dru\u0161tvo za podvodna istra\u017eivanja MINA - Dru&scaron;tvo za podvodna iszra\u017eivanja MINA","og_url":"https:\/\/dpimina.hr\/?page_id=7","og_site_name":"Dru&scaron;tvo za podvodna iszra\u017eivanja MINA","article_modified_time":"2025-01-28T15:13:05+00:00","twitter_card":"summary_large_image","twitter_misc":{"Procijenjeno vrijeme \u010ditanja":"1 minuta"},"schema":{"@context":"https:\/\/schema.org","@graph":[{"@type":"WebPage","@id":"https:\/\/dpimina.hr\/?page_id=7","url":"https:\/\/dpimina.hr\/?page_id=7","name":"Dru\u0161tvo za podvodna istra\u017eivanja MINA - Dru&scaron;tvo za podvodna iszra\u017eivanja MINA","isPartOf":{"@id":"https:\/\/dpimina.hr\/#website"},"primaryImageOfPage":{"@id":"https:\/\/dpimina.hr\/?page_id=7#primaryimage"},"image":{"@id":"https:\/\/dpimina.hr\/?page_id=7#primaryimage"},"thumbnailUrl":"https:\/\/demosites.io\/otter\/wp-content\/uploads\/sites\/664\/2022\/08\/coming_soon_img.svg","datePublished":"2025-01-28T15:03:41+00:00","dateModified":"2025-01-28T15:13:05+00:00","breadcrumb":{"@id":"https:\/\/dpimina.hr\/?page_id=7#breadcrumb"},"inLanguage":"hr","potentialAction":[{"@type":"ReadAction","target":["https:\/\/dpimina.hr\/?page_id=7"]}]},{"@type":"ImageObject","inLanguage":"hr","@id":"https:\/\/dpimina.hr\/?page_id=7#primaryimage","url":"https:\/\/demosites.io\/otter\/wp-content\/uploads\/sites\/664\/2022\/08\/coming_soon_img.svg","contentUrl":"https:\/\/demosites.io\/otter\/wp-content\/uploads\/sites\/664\/2022\/08\/coming_soon_img.svg"},{"@type":"BreadcrumbList","@id":"https:\/\/dpimina.hr\/?page_id=7#breadcrumb","itemListElement":[{"@type":"ListItem","position":1,"name":"Po\u010detna stranica","item":"https:\/\/dpimina.hr\/?page_id=7"},{"@type":"ListItem","position":2,"name":"Dru\u0161tvo za podvodna istra\u017eivanja MINA"}]},{"@type":"WebSite","@id":"https:\/\/dpimina.hr\/#website","url":"https:\/\/dpimina.hr\/","name":"Dru&scaron;tvo za podvodna iszra\u017eivanja MINA","description":"","potentialAction":[{"@type":"SearchAction","target":{"@type":"EntryPoint","urlTemplate":"https:\/\/dpimina.hr\/?s={search_term_string}"},"query-input":{"@type":"PropertyValueSpecification","valueRequired":true,"valueName":"search_term_string"}}],"inLanguage":"hr"}]}},"_links":{"self":[{"href":"https:\/\/dpimina.hr\/index.php?rest_route=\/wp\/v2\/pages\/7","targetHints":{"allow":["GET"]}}],"collection":[{"href":"https:\/\/dpimina.hr\/index.php?rest_route=\/wp\/v2\/pages"}],"about":[{"href":"https:\/\/dpimina.hr\/index.php?rest_route=\/wp\/v2\/types\/page"}],"author":[{"embeddable":true,"href":"https:\/\/dpimina.hr\/index.php?rest_route=\/wp\/v2\/users\/1"}],"replies":[{"embeddable":true,"href":"https:\/\/dpimina.hr\/index.php?rest_route=%2Fwp%2Fv2%2Fcomments&post=7"}],"version-history":[{"count":3,"href":"https:\/\/dpimina.hr\/index.php?rest_route=\/wp\/v2\/pages\/7\/revisions"}],"predecessor-version":[{"id":12,"href":"https:\/\/dpimina.hr\/index.php?rest_route=\/wp\/v2\/pages\/7\/revisions\/12"}],"wp:attachment":[{"href":"https:\/\/dpimina.hr\/index.php?rest_route=%2Fwp%2Fv2%2Fmedia&parent=7"}],"curies":[{"name":"wp","href":"https:\/\/api.w.org\/{rel}","templated":true}]}}